{"id":13,"date":"2012-11-30T07:17:35","date_gmt":"2012-11-30T07:17:35","guid":{"rendered":"https:\/\/web.education.wisc.edu\/pmatthews\/?page_id=13"},"modified":"2024-05-02T19:13:20","modified_gmt":"2024-05-02T19:13:20","slug":"get-involved","status":"publish","type":"page","link":"https:\/\/web.education.wisc.edu\/pmatthews\/?page_id=13","title":{"rendered":"Get Involved\/Puede Participar"},"content":{"rendered":"<div style=\"font-size: 12pt;font-family: georgia, palatino, serif\">\n<p><strong>Children&#8217;s\u00a0Research on UW Campus<\/strong>Do you have a child in Kindergarten\u00a0through 12th grade that would be interested in participating in math research on the UW campus? \u00a0Participants will play various math games and complete paper-and-pencil assessments with a member of our research team. \u00a0We offer monetary compensation, a small gift, and a parking voucher. \u00a0Check out the available studies below!<\/p>\n<p><strong>Puede Participar<\/strong><\/p>\n<p>\u00bfTiene un hijo entre la guarder\u00eda y el 12\u00ba curso que pudiera estar interesado en participar en un estudio sobre matem\u00e1ticas en el campus de UW?\u00a0 Los participantes jugar\u00e1n a varios juegos de matem\u00e1ticas y completar\u00e1n evaluaciones escritas con un miembro de nuestro equipo. Ofrecemos remuneraci\u00f3n econ\u00f3mica, un peque\u00f1o regalo y un vale de aparcamiento.<\/p>\n<p><strong>Children&#8217;s Matching Game\u00a0<\/strong><strong>(C<em>hildren entering grades K, 1, 5, or 6<\/em>)<\/strong>:\u00a0Instructions on using our online scheduling program for Children&#8217;s Matching Game can be found <a href=\"https:\/\/web.education.wisc.edu\/pmatthews\/wp-content\/uploads\/sites\/35\/2018\/05\/SignUp_Genius_Instructions_CMG.pdf\">here<\/a>.\u00a0 Direct access to the online scheduling program for Children&#8217;s Matching Game will be posted when studies resume in Spring 2019.<\/p>\n<p><strong>Number Line\u00a0(<em>Ages 4-5):<\/em><\/strong><strong>\u00a0<\/strong>Instructions on using our online scheduling program for Number Line can be found <a href=\"https:\/\/web.education.wisc.edu\/pmatthews\/wp-content\/uploads\/sites\/35\/2018\/05\/SignUp_Genius_Instructions_NLE.pdf\">here<\/a>. \u00a0Directly access the online scheduling program for Number Line\u00a0<a href=\"https:\/\/tinyurl.com\/y7dp42gw\">here<\/a>.<\/p>\n<p><strong>Cultivating Math Knowledge (<em>Children in Grades 3 or 6<\/em>):\u00a0 <\/strong>We are studying how children develop their understanding of math and numbers. Understanding math early is important for later success in algebra and higher math, and the lab is studying ways that this understanding emerges. Directly access the online scheduling program for Cultivating Math Knowledge\u00a0<a href=\"https:\/\/www.signupgenius.com\/go\/30E084FA5A62FABF58-cultivating\" target=\"_blank\" rel=\"noopener noreferrer\">here<\/a>.<\/p>\n<p><strong>LAMBDA (Children in Grades 3 or 6): <\/strong>The Longitudinal Analysis of Mathematical Brain Development and Abilities (LAMBDA)\u00a0Learning Community is\u00a0investigating the development of fraction knowledge in children. Knowledge of fractions and m<span id=\"x_docs-internal-guid-9768a692-b4f0-e4f1-9ba0-ad0b0c2080fd\">athematical competence are important determinants of life chances in modern society and are even known to impact educational, employment, and health outcomes. Despite the importance of fraction knowledge, children and adults often encounter considerable difficulties understanding fractions. If you are interested in participating, call 608-263-4011 or email lambda@education.wisc.edu for more information.\u00a0<\/span><\/p>\n<p><strong>Math Van<\/strong><\/p>\n<p><strong><a href=\"https:\/\/web.education.wisc.edu\/pmatthews\/wp-content\/uploads\/sites\/35\/2012\/11\/Math-Van.jpg\"><img loading=\"lazy\" decoding=\"async\" class=\"alignleft size-full wp-image-523\" src=\"https:\/\/web.education.wisc.edu\/pmatthews\/wp-content\/uploads\/sites\/35\/2012\/11\/Math-Van.jpg\" alt=\"\" width=\"260\" height=\"195\" \/><\/a><\/strong><\/p>\n<p>Our new research van offers transportation to and from studies!<br \/>\nEquipped with a car seat and two booster seats, we can bring your whole family to our testing locations.<br \/>\nYou may even see our research van at your child&#8217;s day care or after school program.<\/p>\n<p>Ask us if you&#8217;re interested in learning more!<\/p>\n<p>&nbsp;<\/p>\n<p>&nbsp;<\/p>\n<hr \/>\n<p><strong>Looking to participate in experiments?<\/strong><\/p>\n<p>We frequently run experiments, some of which we offer for credit and some for cash. To learn more about current offerings and time slots, please email us at <a href=\"mailto:meld_lab@education.wisc.edu\">meld_lab@education.wisc.edu<\/a>.<\/p>\n<\/div>\n","protected":false},"excerpt":{"rendered":"<p>Children\u2019s\u00a0Research on UW Campus Do you have a child in Kindergarten\u00a0through 12th grade that would be interested in participating in math research on the UW campus? \u00a0Participants will play various math games and complete paper-and-pencil assessments with a member of our research team. \u00a0We offer monetary compensation, a small gift, and a parking voucher. \u00a0Check&hellip;<\/p>\n","protected":false},"author":152,"featured_media":0,"parent":0,"menu_order":3,"comment_status":"closed","ping_status":"closed","template":"","meta":{"footnotes":"","_links_to":"","_links_to_target":""},"class_list":["post-13","page","type-page","status-publish","hentry"],"acf":[],"_links":{"self":[{"href":"https:\/\/web.education.wisc.edu\/pmatthews\/index.php?rest_route=\/wp\/v2\/pages\/13","targetHints":{"allow":["GET"]}}],"collection":[{"href":"https:\/\/web.education.wisc.edu\/pmatthews\/index.php?rest_route=\/wp\/v2\/pages"}],"about":[{"href":"https:\/\/web.education.wisc.edu\/pmatthews\/index.php?rest_route=\/wp\/v2\/types\/page"}],"author":[{"embeddable":true,"href":"https:\/\/web.education.wisc.edu\/pmatthews\/index.php?rest_route=\/wp\/v2\/users\/152"}],"replies":[{"embeddable":true,"href":"https:\/\/web.education.wisc.edu\/pmatthews\/index.php?rest_route=%2Fwp%2Fv2%2Fcomments&post=13"}],"version-history":[{"count":0,"href":"https:\/\/web.education.wisc.edu\/pmatthews\/index.php?rest_route=\/wp\/v2\/pages\/13\/revisions"}],"wp:attachment":[{"href":"https:\/\/web.education.wisc.edu\/pmatthews\/index.php?rest_route=%2Fwp%2Fv2%2Fmedia&parent=13"}],"curies":[{"name":"wp","href":"https:\/\/api.w.org\/{rel}","templated":true}]}}