{"id":168,"date":"2012-09-28T18:54:35","date_gmt":"2012-09-28T18:54:35","guid":{"rendered":"https:\/\/web.education.wisc.edu\/halverson\/?page_id=168"},"modified":"2019-03-18T19:57:43","modified_gmt":"2019-03-18T19:57:43","slug":"publications","status":"publish","type":"page","link":"https:\/\/web.education.wisc.edu\/halverson\/?page_id=168","title":{"rendered":"Publications"},"content":{"rendered":"<p>Collins, A. &amp; Halverson, R (2009). <a href=\"http:\/\/www.amazon.com\/Rethinking-Education-Technology-Education-Connections-Education-Connections\/dp\/0807750026\"><em>The second educational revolution: How technology is transforming education again<\/em><\/a>. New York: Teachers College Press.<\/p>\n<p>Kelley, C., Halverson, R., Blitz, M., Salisbury, J., Modeste, M., Dikkers, S. &amp; Camburn, E. (in press). <a href=\"https:\/\/web.education.wisc.edu\/halverson\/wp-content\/uploads\/sites\/33\/2012\/09\/Kelley___Halverson_JARC_Revised.pdf\" target=\"_blank\" rel=\"noopener noreferrer\">Comprehensive Assessment of Leadership for Learning (CALL): A next generation formative feedback system<\/a>. <em>Journal of Applied\u00a0Research\u00a0on Children<\/em>.<\/p>\n<p>Halverson, R. &amp; Clifford, M. (in press). <a href=\"https:\/\/web.education.wisc.edu\/halverson\/wp-content\/uploads\/sites\/33\/2012\/09\/110411-Halverson-Clifford.pdf\" target=\"_blank\" rel=\"noopener noreferrer\">Distributed instructional leadership: How distributed leadership can help us better understand high schools<\/a>. <em>Journal of School Leadership<\/em>.<\/p>\n<p>Halverson, R. &amp; Shapiro, R. B. (in press) <a href=\"https:\/\/web.education.wisc.edu\/halverson\/wp-content\/uploads\/sites\/33\/2012\/12\/021712-Tech-for-education-and-learners-copy.pdf\">Technologies for educators and technologies for learners: How information technologies are (and should be) changing schools<\/a>. In S. Rutledge &amp; D. Anagnostopolus (Eds.) <em>The Infrastructure of Accountability<\/em>.\u00a0 Harvard Education Press.<\/p>\n<p>Halverson, R. (2012) <a href=\"https:\/\/web.education.wisc.edu\/halverson\/wp-content\/uploads\/sites\/33\/2012\/09\/Halverson-Games-and-Learning.pdf\" target=\"_blank\" rel=\"noopener noreferrer\">Games and the future of education research<\/a>. In C. Steinkuehler, K. Squire &amp; S. Barab (Eds). <em>Games, Learning and Society<\/em>. Cambridge Press: London.<\/p>\n<p>Halverson, R &amp; Halverson, E. (2012) <a href=\"https:\/\/web.education.wisc.edu\/halverson\/wp-content\/uploads\/sites\/33\/2012\/09\/110221-Halverson-Halverson.pdf\" target=\"_blank\" rel=\"noopener noreferrer\">Education as design for learning: A model for integrating education inquiry across research traditions<\/a>. In C. F. Conrad &amp; R. C. Serlin (Eds). <em>Sage Handbook for Research in Education: Engaging Ideas and Enriching Inquiry (2nd Ed.).<\/em> Sage: Thousand Oaks, CA.<\/p>\n<p>Halverson, R., Feinstein, N. &amp; Meshoulam, D. (2011). <a href=\"https:\/\/web.education.wisc.edu\/halverson\/wp-content\/uploads\/sites\/33\/2012\/12\/HalversonFeinsteinMeshoulam.pdf\">School leadership for science education<\/a>. In G. DeBoer (Ed.) <em>The Role of Public Policy in K-12 Science Education<\/em>. Information Age Press: Charlotte, NC. 397-430.<\/p>\n<div title=\"Page 1\">\n<p>Halverson, R. Blakesley, C &amp; Figuerido-Brown, R. (2011). <a href=\"https:\/\/web.education.wisc.edu\/halverson\/wp-content\/uploads\/sites\/33\/2012\/09\/031610-Video-Game-Design-as-a-Model-for-Professional-Learning.pdf\" target=\"_blank\" rel=\"noopener noreferrer\">Video-game design as a model for professional learning<\/a>. In M. S. Khine (Ed.) <em>Learning to Play: Exploring the Future of Education with Video Games<\/em>. Peter Lang: New York. 9-28.<\/p>\n<\/div>\n<p>Halverson, R. (2010). <a href=\"https:\/\/web.education.wisc.edu\/halverson\/wp-content\/uploads\/sites\/33\/2012\/09\/Halverson-Formative-Feedback-Peabody.pdf\" target=\"_blank\" rel=\"noopener noreferrer\">School formative feedback systems<\/a>. <em>Peabody Journal of Education 85<\/em>(2) 130-155.<\/p>\n<p>Halverson, R. &amp; Smith, A. (2010). <a href=\"https:\/\/web.education.wisc.edu\/halverson\/wp-content\/uploads\/sites\/33\/2012\/09\/Halverson_Smith_How_New_Technologies.pdf\" target=\"_blank\" rel=\"noopener noreferrer\">How new technologies have (and have not) changed teaching and learning in schools<\/a>. <em>Journal of Computing in Teacher Education 26<\/em>(2) 49-54.<\/p>\n<p>Collins, A. &amp; Halverson, R. (2010). The second educational revolution: rethinking education in the age of technology. Journal of Computer Assisted Learning 26(1) 18-27.<\/p>\n<p>Halverson, R. \u00a0(2009)\u00a0<a href=\"https:\/\/web.education.wisc.edu\/halverson\/wp-content\/uploads\/sites\/33\/2012\/12\/Halverson_New_Instructional_Leadership.pdf\">New Instructional Leadership. Wie Schulleitungen die Kompetenz entwickeln k\u00f6nnen, schulisches Lernen systematisch zu verbessern<\/a>.\u00a0<em>Die Deutsche Schule 101<\/em>\u00a0(4\/2009).323-340.<\/p>\n<p>Halverson, R., Wolfenstein, M., Williams, C. &amp; Rockman, C. (2009) <a href=\"https:\/\/web.education.wisc.edu\/halverson\/wp-content\/uploads\/sites\/33\/2012\/09\/Remembering-Math-E-Learning.pdf\" target=\"_blank\" rel=\"noopener noreferrer\">Remembering math: The design of digital learning objects to spark professional learning<\/a>. <em>E-Learning 6<\/em>(1) 97-118.<\/p>\n<p>Collins, A. &amp; Halverson, R. (2009) Technology supports for lifelong learning. E. Baker, B. McGaw and P. Peterson, (Eds.). International Encyclopedia of Education. Elsevier Press: Oxford.<\/p>\n<p>Hamilton, L., Halverson, R., Jackson, S., Mandinach, E., Supovitz, J., and Wayman, J. <a href=\"https:\/\/web.education.wisc.edu\/halverson\/wp-content\/uploads\/sites\/33\/2012\/09\/What-Works-DDDM-Report-093009.pdf\" target=\"_blank\" rel=\"noopener noreferrer\">Using student achievement data to support instructional decision making<\/a>. Washington, DC: National Center for Education Evaluation and Regional Assistance, Institute of Education Sciences, U.S. Department of Education.<\/p>\n<p>Halverson, E., &amp; Halverson, R. (2008). <a href=\"https:\/\/web.education.wisc.edu\/halverson\/wp-content\/uploads\/sites\/33\/2012\/09\/Halverson-Halverson-2008-GC.pdf\" target=\"_blank\" rel=\"noopener noreferrer\">Fantasy sports: the case for competitive fandom<\/a>.\u00a0<em>Games and Culture 3<\/em>(3-4) 286-307.<\/p>\n<p>Spillane, J. P., Halverson, R. &amp; Diamond, J. B. (2008). <a href=\"https:\/\/web.education.wisc.edu\/halverson\/wp-content\/uploads\/sites\/33\/2012\/09\/Un-projet-\u00e0-\u00e9chelle-europ\u00e9enne.pdf\" target=\"_blank\" rel=\"noopener noreferrer\">Th\u00e9orisation du leadership en \u00e9ducation: une analyse en termes de cognition situ\u00e9e<\/a>. <em>Education et Soci\u00e9t\u00e9s, 21<\/em>(1), 121-149.<\/p>\n<p>Halverson, R. &amp; Thomas, C. (2007). <a href=\"https:\/\/web.education.wisc.edu\/halverson\/wp-content\/uploads\/sites\/33\/2012\/09\/Chapter_9.Halverson_Thomas110707.pdf\" target=\"_blank\" rel=\"noopener noreferrer\">The roles and practices of student services staff as data-driven instructional leaders.<\/a> In M. Mangin and S. Stoelinga (Eds.) <em>Instructional teachers leadership roles: Using research to inform and reform<\/em>. Teachers College Press: New York. 163-200.<\/p>\n<p>Halverson, R. (2007). <a href=\"https:\/\/web.education.wisc.edu\/halverson\/wp-content\/uploads\/sites\/33\/2012\/09\/Halverson-PLC-Book-Chapter-7.pdf\" target=\"_blank\" rel=\"noopener noreferrer\">A distributed leadership perspective on how leaders use artifacts to create professional community in schools<\/a>. In L. Stoll and K. S. Louis (Eds.) <em>Professional learning communities: Divergence, detail and difficulties.<\/em> Maidenhead: Open University Press. 93-105.<\/p>\n<p>Halverson, R. (2007). <a href=\"https:\/\/web.education.wisc.edu\/halverson\/wp-content\/uploads\/sites\/33\/2012\/09\/Halverson-Chapter-3-Final.pdf\" target=\"_blank\" rel=\"noopener noreferrer\">Systems of practice and professional community: The Adams case<\/a>. In J. Spillane &amp; J. Diamond (Eds.) <em>Distributed leadership in practice<\/em>. Teachers College Press. 35-62.<\/p>\n<p>Halverson, R., Grigg, J., Prichett, R., &amp; Thomas, C. (2007). <a href=\"https:\/\/web.education.wisc.edu\/halverson\/wp-content\/uploads\/sites\/33\/2012\/09\/JSL-172-DDIS-HalversonGriggPrichettThomas-1107.pdf\" target=\"_blank\" rel=\"noopener noreferrer\">The new instructional leadership: Creating data-driven instructional systems in schools<\/a>.<em> Journal of School Leadership 17<\/em>(2). 159-193.<\/p>\n<p>Madda, K., Halverson, R., and Gomez, L. (2007). <a href=\"https:\/\/web.education.wisc.edu\/halverson\/wp-content\/uploads\/sites\/33\/2012\/09\/TCR-MaddaHalversonGomez1098.pdf\" target=\"_blank\" rel=\"noopener noreferrer\">Exploring coherence as an organizational resource for carrying out reform initiatives.<\/a> <em>Teachers College Record 109<\/em>(8). 1957-1979.<\/p>\n<p>Halverson, R., and Clifford, M. (2006) <a href=\"https:\/\/web.education.wisc.edu\/halverson\/wp-content\/uploads\/sites\/33\/2012\/09\/HalversonClifford-EAQ.pdf\" target=\"_blank\" rel=\"noopener noreferrer\">Evaluation in the wild: A distributed cognition perspective on teacher assessment.<\/a> <em>Education Administration Quarterly 42<\/em>(4). 578-619.<\/p>\n<p>Halverson, R., &amp; Collins, A. (2006) How information technologies weaken the identification of learning with schooling. Research and Practice in Technology Enhanced Learning 1(2) 145-155.<\/p>\n<p>Shaffer, D., Gee, J., Halverson, R., &amp; Squire, K. \u00a0<a href=\"https:\/\/web.education.wisc.edu\/halverson\/wp-content\/uploads\/sites\/33\/2012\/09\/PDK-ShafferSquireHalversonGee-110707.pdf\" target=\"_blank\" rel=\"noopener noreferrer\">Video-games and the future of learning<\/a>. <em>Phi Delta Kappan 87(<\/em>2). 104-111.<\/p>\n<p>Halverson, R. (2005). <a href=\"https:\/\/web.education.wisc.edu\/halverson\/wp-content\/uploads\/sites\/33\/2012\/09\/Halverson-Innovate-89-2005.pdf\" target=\"_blank\" rel=\"noopener noreferrer\">What can K-12 school leaders learn from video games and gaming?<\/a> <em>Innovate 1<\/em>(6).<\/p>\n<p>Halverson, R., and Rah, Y. (2005). Representing leadership for social justice: The case of Franklin School. Journal of Cases in Educational Leadership 8(3). http:\/\/www.ucea.org\/html\/cases\/V8-Iss2\/.<\/p>\n<p>Halverson, R., Kelley, C. &amp; Kimball, S. (2004). <a href=\"https:\/\/web.education.wisc.edu\/halverson\/wp-content\/uploads\/sites\/33\/2012\/09\/HalversonKelleyKimball-TREA.pdf\" target=\"_blank\" rel=\"noopener noreferrer\">Implementing teacher evaluation systems: How principals make sense of complex artifacts to shape local instructional practice<\/a>. In C. Miskel (Ed.) <em>Theory and Research in Educational Administration, Volume 3<\/em>. 153-188.<\/p>\n<p>Halverson, R. (2004) <a href=\"https:\/\/web.education.wisc.edu\/halverson\/wp-content\/uploads\/sites\/33\/2012\/09\/Halverson-AJE-2004-1111.pdf\" target=\"_blank\" rel=\"noopener noreferrer\">Accessing, documenting and communicating the phronesis of school leadership practice<\/a>. <em>American Journal of Education, 111<\/em>(1), 90-122.<\/p>\n<p>Spillane, J. P., Halverson, R., &amp; Diamond, J. B. (2004). <a href=\"https:\/\/web.education.wisc.edu\/halverson\/wp-content\/uploads\/sites\/33\/2012\/09\/SpillaneHalversonDiamond-ER.pdf\" target=\"_blank\" rel=\"noopener noreferrer\">Towards a theory of leadership practice: A distributed perspective<\/a>. <em>Journal of Curriculum Studies<\/em>, 36(1), 3-34.<\/p>\n<p>Halverson, R., Linnekin, B. Spillane, J. &amp; Gomez, L. (2004). Multimedia cases of practice: On-line learning opportunities for school leaders. Journal of Cases in Educational Leadership 7(1). Available at http:\/\/www.ucea.org\/cases\/V7-Iss1\/index7-1.htm<\/p>\n<p>Halverson, R. (2003). <a href=\"https:\/\/web.education.wisc.edu\/halverson\/wp-content\/uploads\/sites\/33\/2012\/09\/v11n37.pdf\" target=\"_blank\" rel=\"noopener noreferrer\">Systems of practice: How leaders use artifacts to create professional community in schools<\/a>. <em>Educational Policy and Analysis Archives 11<\/em>(37). Accessible on-line at http:\/\/epaa.asu.edu\/epaa\/v11n37\/<\/p>\n<p>Spillane, J. P., Halverson, R. &amp; Diamond, J.B. (2001). <a href=\"https:\/\/web.education.wisc.edu\/halverson\/wp-content\/uploads\/sites\/33\/2012\/09\/SpillaneHalversonDiamond-ER.pdf\" target=\"_blank\" rel=\"noopener noreferrer\">Investigating school leadership practice: Distributed perspectives<\/a>. <em>Educational Researcher 30<\/em>(3): 23-27.<\/p>\n<p>Spillane, J.P., Diamond, J., Walker, L. J., Halverson, R., Jita, L. (2001). <a href=\"https:\/\/web.education.wisc.edu\/halverson\/wp-content\/uploads\/sites\/33\/2012\/09\/JRST-SpillaneDiamondWalkerHalversonJita-383.pdf\" target=\"_blank\" rel=\"noopener noreferrer\">Urban school leadership and elementary science instruction: Identifying, mobilizing and activating resources in a devalued subject area<\/a>. <em>Journal of Research in Science Teaching 38<\/em>(8). 918-940.<\/p>\n","protected":false},"excerpt":{"rendered":"<p>Collins, A. &amp; Halverson, R (2009). The second educational revolution: How technology is transforming education again. New York: Teachers College Press. Kelley, C., Halverson, R., Blitz, M., Salisbury, J., Modeste, M., Dikkers, S. &amp; Camburn, E. (in press). Comprehensive Assessment of Leadership for Learning (CALL): A next generation formative feedback system. Journal of Applied\u00a0Research\u00a0on Children. [&hellip;]<\/p>\n","protected":false},"author":27,"featured_media":0,"parent":12,"menu_order":0,"comment_status":"closed","ping_status":"closed","template":"template_fullwidth.php","meta":{"footnotes":"","_links_to":"","_links_to_target":""},"class_list":["post-168","page","type-page","status-publish","hentry"],"_links":{"self":[{"href":"https:\/\/web.education.wisc.edu\/halverson\/index.php?rest_route=\/wp\/v2\/pages\/168","targetHints":{"allow":["GET"]}}],"collection":[{"href":"https:\/\/web.education.wisc.edu\/halverson\/index.php?rest_route=\/wp\/v2\/pages"}],"about":[{"href":"https:\/\/web.education.wisc.edu\/halverson\/index.php?rest_route=\/wp\/v2\/types\/page"}],"author":[{"embeddable":true,"href":"https:\/\/web.education.wisc.edu\/halverson\/index.php?rest_route=\/wp\/v2\/users\/27"}],"replies":[{"embeddable":true,"href":"https:\/\/web.education.wisc.edu\/halverson\/index.php?rest_route=%2Fwp%2Fv2%2Fcomments&post=168"}],"version-history":[{"count":0,"href":"https:\/\/web.education.wisc.edu\/halverson\/index.php?rest_route=\/wp\/v2\/pages\/168\/revisions"}],"up":[{"embeddable":true,"href":"https:\/\/web.education.wisc.edu\/halverson\/index.php?rest_route=\/wp\/v2\/pages\/12"}],"wp:attachment":[{"href":"https:\/\/web.education.wisc.edu\/halverson\/index.php?rest_route=%2Fwp%2Fv2%2Fmedia&parent=168"}],"curies":[{"name":"wp","href":"https:\/\/api.w.org\/{rel}","templated":true}]}}